{"id":107,"date":"2018-01-22T15:57:07","date_gmt":"2018-01-22T15:57:07","guid":{"rendered":"http:\/\/dierotenhelfer.de\/?page_id=107"},"modified":"2025-07-16T09:25:42","modified_gmt":"2025-07-16T09:25:42","slug":"die-roten-helfer","status":"publish","type":"page","link":"http:\/\/dierotenhelfer.de\/?page_id=107","title":{"rendered":"Pflegedienst &#8211; Home"},"content":{"rendered":"<p><strong>Die Pflegezentrale in<\/strong><img decoding=\"async\" loading=\"lazy\" class=\"alignright wp-image-147\" src=\"http:\/\/dierotenhelfer.de\/wp-content\/uploads\/2018\/01\/Die-Roten-Helfer-1-300x200.jpg\" alt=\"\" width=\"270\" height=\"180\" srcset=\"http:\/\/dierotenhelfer.de\/wp-content\/uploads\/2018\/01\/Die-Roten-Helfer-1-300x200.jpg 300w, http:\/\/dierotenhelfer.de\/wp-content\/uploads\/2018\/01\/Die-Roten-Helfer-1-768x512.jpg 768w, http:\/\/dierotenhelfer.de\/wp-content\/uploads\/2018\/01\/Die-Roten-Helfer-1-1024x683.jpg 1024w\" sizes=\"(max-width: 270px) 100vw, 270px\" \/><br \/>\n<strong> Wasseralfingen wird von \u2026<\/strong><br \/>\n&#8230; \u201eDie Roten Helfer\u201c liebevoll gef\u00fchrt.<br \/>\nIm Herzen von Aalen \u2013 Wasseralfingen.<br \/>\nWir freuen uns, Sie auf unserer<br \/>\nHomepage begr\u00fc\u00dfen zu k\u00f6nnen.<\/p>\n<h4><span style=\"color: #ff0000;\"><em><strong>Im\u00a0Ambulanten Pflegedienst\u00a0sind noch\u00a0Pl\u00e4tze frei.<\/strong><\/em><\/span><\/h4>\n<p>Wir freuen uns nat\u00fcrlich auch, dass wir am 08.08.2012 unsere Arbeit rund um den zu Pflegenden hier vor Ort bzw. auch im Umland \u201eStarten\u201c durften.<\/p>\n<p>Es wurde festgestellt, dass eine \u201eMedizinische \u00dcberwachung\u201c wie auch eine \u201eZentrale Pflegestation\u201c in Wasseralfingen schlichtweg fehlte.<\/p>\n<p>Es blieb nicht unbemerkt, dass der Ambulante Pflegedienst, zun\u00e4chst als Tipp weitergereicht wurde, und dann schnell die gr\u00f6\u00dferen Unternehmen im Bereich Ambulante Pflege eingeholt hatte.<\/p>\n<p>Wie war das m\u00f6glich? Zum einen wurde Wasseralfingen v\u00f6llig \u00fcbersehen und man dachte grunds\u00e4tzlich eine Versorgung von au\u00dferhalb w\u00fcrde reichen. Der n\u00e4chste Grund ist die etwas andere Philosophie und die Werte wof\u00fcr Die Roten Helfer stehen.<\/p>\n<p>Was viele zu Pflegende nicht wissen ist, dass alle Preise f\u00fcr die verschiedenen Leistungspackete der Pflegeeinrichtungen im Bereich Ambulanter Pflegedienste \/ Sozialstation gleich sind. Diese Preise werden auf Landesebene entschieden und verabschiedet. Die Pflegeeinrichtungen bekommen diese meist \u00fcber ihre Verb\u00e4nde in Schriftform vorgelegt, wie auch die G\u00fcltigkeit dieser.<\/p>\n<p>So bekommen alle Einrichtungen im Land Baden W\u00fcrttemberg den gleichen Betrag, f\u00fcr zum Beispiel eine \u201egro\u00dfe K\u00f6rperpflege\u201c. Jetzt kann der Patient es schlecht beurteilen wie wertvoll seine Pflege bei den verschiedenen Anbietern sein wird.<\/p>\n<p>In der Region kommt zum Beispiel einer der gr\u00f6\u00dften Dienste und sagt der Mitarbeiter hat f\u00fcr (Modul 1) gro\u00dfe K\u00f6rperpflege (gro\u00dfe Toilette incl. Duschen \/ Baden)\u00a0daf\u00fcr 22 Minuten Zeit. Das ist sehr knapp berechnet, f\u00fchrt aber zu einem sehr guten Stunden- Einnahmen- Lohn Verh\u00e4ltnis. Wir hingegen bekommen das gleiche gezahlt, zahlen unseren Mitarbeitern \u00e4hnliche L\u00f6hne und lassen uns aber mindestens 30 Minuten Zeit dabei, in Ausnahmen sogar bis zu 45 Minuten.<\/p>\n<p>Wir vermuten, dass die sehr liebevolle Versorgung, wie auch ein sehr gutes Zeitfenster bei der Durchf\u00fchrung der einzelnen Arbeiten, dazu gef\u00fchrt hat, dass unsere Patienten uns sch\u00e4tzen und weiterempfehlen. So kommen heute schon mehr und mehr Patienten zu uns, die bereits wo anders betreut wurden und die ganze Zeit getrieben wurden, dass Sie schneller mitzumachen h\u00e4tten.<\/p>\n<p>Wir, Die Roten Helfer finden das sehr gut, dass wir nicht nur reden wie sozial wir eingestellt sind, sondern leben es Tag f\u00fcr Tag einfach aus.<\/p>\n<p>Das sind wohl die Gr\u00fcnde, weshalb wir heute mit bis zu 20 Fahrzeugen f\u00fcr Sie unterwegs sind.<\/p>\n<p>Etwa 45 Mitarbeiter stellen die Versorgung sicher, ob bei Sonnenschein, Regen oder im Winter, wie \u00fcber die Wochentage, das Wochenende und nat\u00fcrlich auch an Feiertagen.<\/p>\n<p>Wir freuen uns sehr, Sie nicht nur rein Informativ zu unterst\u00fctzen \u2026 welchen Anspruch Sie haben, wo die Antr\u00e4ge auf Kosten\u00fcbernahme zu stellen sind, was beachtet werden muss, was Sie vorher erf\u00fcllen m\u00fcssen und welche Nachweise Sie im Vorfeld schon vorbereiten m\u00fcssen, &#8230; alleine damit sind zu Pflegende oder deren Angeh\u00f6rige schnell \u00fcberfordert.<\/p>\n<p>Das Eingreifen der \u201eDie Roten Helfer\u201c ist an dieser Stelle nicht nur w\u00fcnschenswert, sondern im Grunde absolut notwendig, was allen Beteiligten meist erst w\u00e4hrend eines Gespr\u00e4chs mit uns klar wird.<\/p>\n<p>Hand aufs Herz, man hofft doch im Grunde darauf, wenn man eine \u201ePflegestufe\u201c (alter Begriff) neu \u201ePflegegrad\u201c (seit 2017) erreicht hat, dass man alles automatisch bekommt worauf man Anspruch hat. Stimmt das in Wirklichkeit? In unserer t\u00e4glichen Arbeit haben wir sehr viele andere F\u00e4lle kennengelernt; alleine das w\u00e4re schon ein Grund uns einmal kennenzulernen. Ein Informationsgespr\u00e4ch ist f\u00fcr Sie v\u00f6llig unverbindlich. Wir bieten das Ehrenamtlich an, warum?<\/p>\n<p>Weil wir Wert darauf legen, dass Sie zumindest aufgekl\u00e4rt wurden, welche Geldt\u00f6pfe f\u00fcr Sie da sind, um Ihre medizinische und h\u00e4usliche Versorgung optimal sicherzustellen. Ob Sie diese alle nutzen wollen, ist eine andere Frage.<\/p>\n<p>Wir erleben, dass viele Patienten, die bereits wo anders betreut wurden und dann zu uns kommen, oft Jahr f\u00fcr Jahr Tausende von Euro verschenk haben.<\/p>\n<p>Aber Sie wussten nicht wen Sie Fragen sollten, um eine wertneutrale Auskunft zu bekommen, aus welchen Geldt\u00f6pfen Sie von Seiten der Krankenkasse, Pflegekasse, Beihilfe und so weiter, Geld bekommen. Nicht zu vergessen, das Landratsamt im Bereich Soziales, zahlt bis zu Tausende von Euro je nach Fall, aber es ist alles andere als einfach hier zu seinem Recht zu kommen. Das liegt nicht am Landratsamt als solchen, sondern der Bundesb\u00fcrger muss genau wissen nach was er fragen muss und wie dann der genaue Ablauf ist, sonst kann ein Anspruch nicht geltend gemacht werden und man geht wohlm\u00f6glich ohne Geldhilfen leer aus. Ohne diese finanzielle Unterst\u00fctzung m\u00fcssen alle eingespannt werden, ob Ehepartner, Kinder, Verwandte, Freunde oder Bekannte. Diese werden so allesamt an ihre Grenzen gebracht und oft nur deswegen weil man nicht wei\u00df was einem zusteht.<\/p>\n<p>Die Roten Helfer kommen auch zu Ihnen, damit Sie sich selbst davon \u00fcberzeugen k\u00f6nnen, warum gerade Die Roten Helfer so beliebt sind; und das nicht nur vor Ort in Wasseralfingen, sondern auch in Aalen und die dazu geh\u00f6renden Gemeinden, bis zu einem Umkreis von etwa 20 Kilometer.<\/p>\n<p>Dort leisten wir eine sehr liebevolle Pflege, Unterst\u00fctzung im Haushalt und\/oder eine medizinische Behandlungspflege. Alles was Ihr Arzt Ihnen verordnet k\u00f6nnen wir meist auch zur Verf\u00fcgung stellen, dazu geh\u00f6ren z.B. Spritzen, Insulin oder Medikamentengabe, Herrichten von Medikamenten oder die medizinische \u00dcberwachung; (weitere etwa 180 Punkte stehen zur Verf\u00fcgung).<\/p>\n<p><strong>Fragen Sie uns einfach unverbindlich.<\/strong><\/p>\n<p><strong>Leistungspaket etwas zusammengefasst:<br \/>\n<\/strong>Wir sind f\u00fcr Sie da bei der h\u00e4uslichen Krankenpflege,<br \/>\nwie auch bei der Tagespflege,<br \/>\nPflege bei Demenz,<br \/>\nhauswirtschaftliche Versorgung,<br \/>\nBehandlungspflege (was ihr Dr. verordnet z.B. Blutzuckermessung oder Medikamentengabe usw.),<br \/>\nVerhinderungspflege<br \/>\nund auch h\u00e4usliche Intensivpflege.<\/p>\n<p><strong>Wir unterst\u00fctzen Sie nicht nur<\/strong> mit einer umfassenden fachlichen<br \/>\nkompetenten Pflege \/ Beratung, sondern auch bei der Umsetzung der Pflegeleistungen rund um, incl. der Hauswirtschaft.<br \/>\nOder gerne auch bei der Entlastung der Angeh\u00f6rigen in der Tagespflege.<\/p>\n<p><strong>Unser Team ist jederzeit gerne f\u00fcr Sie da.<br \/>\nFreuen Sie sich schon darauf!<\/strong><\/p>\n","protected":false},"excerpt":{"rendered":"<p>Die Pflegezentrale in Wasseralfingen wird von \u2026 &#8230; \u201eDie Roten Helfer\u201c liebevoll gef\u00fchrt. Im Herzen von Aalen \u2013 Wasseralfingen. Wir freuen uns, Sie auf unserer Homepage begr\u00fc\u00dfen zu k\u00f6nnen. Im\u00a0Ambulanten Pflegedienst\u00a0sind noch\u00a0Pl\u00e4tze frei. Wir freuen uns nat\u00fcrlich auch, dass wir am 08.08.2012 unsere Arbeit rund um den zu Pflegenden hier vor Ort bzw. auch im &hellip; <a href=\"http:\/\/dierotenhelfer.de\/?page_id=107\" class=\"more-link\"><span class=\"screen-reader-text\">Pflegedienst &#8211; Home<\/span> weiterlesen<\/a><\/p>\n","protected":false},"author":1,"featured_media":0,"parent":0,"menu_order":0,"comment_status":"closed","ping_status":"closed","template":"","meta":{"footnotes":""},"_links":{"self":[{"href":"http:\/\/dierotenhelfer.de\/index.php?rest_route=\/wp\/v2\/pages\/107"}],"collection":[{"href":"http:\/\/dierotenhelfer.de\/index.php?rest_route=\/wp\/v2\/pages"}],"about":[{"href":"http:\/\/dierotenhelfer.de\/index.php?rest_route=\/wp\/v2\/types\/page"}],"author":[{"embeddable":true,"href":"http:\/\/dierotenhelfer.de\/index.php?rest_route=\/wp\/v2\/users\/1"}],"replies":[{"embeddable":true,"href":"http:\/\/dierotenhelfer.de\/index.php?rest_route=%2Fwp%2Fv2%2Fcomments&post=107"}],"version-history":[{"count":39,"href":"http:\/\/dierotenhelfer.de\/index.php?rest_route=\/wp\/v2\/pages\/107\/revisions"}],"predecessor-version":[{"id":848,"href":"http:\/\/dierotenhelfer.de\/index.php?rest_route=\/wp\/v2\/pages\/107\/revisions\/848"}],"wp:attachment":[{"href":"http:\/\/dierotenhelfer.de\/index.php?rest_route=%2Fwp%2Fv2%2Fmedia&parent=107"}],"curies":[{"name":"wp","href":"https:\/\/api.w.org\/{rel}","templated":true}]}}