{"id":113,"date":"2018-01-22T15:59:56","date_gmt":"2018-01-22T15:59:56","guid":{"rendered":"http:\/\/dierotenhelfer.de\/?page_id=113"},"modified":"2022-07-19T09:04:40","modified_gmt":"2022-07-19T09:04:40","slug":"tagespflege-ein-tag","status":"publish","type":"page","link":"http:\/\/dierotenhelfer.de\/?page_id=113","title":{"rendered":"Tagespflege &#8211; Ein Tag"},"content":{"rendered":"<p><strong>\u00a0Wie l\u00e4uft ein<\/strong><strong> Tag bei uns ab ? <\/strong><strong><img decoding=\"async\" loading=\"lazy\" class=\"wp-image-626 alignright\" src=\"http:\/\/dierotenhelfer.de\/wp-content\/uploads\/2020\/02\/TS-2019-Umzug-1.jpg\" alt=\"\" width=\"266\" height=\"148\" srcset=\"http:\/\/dierotenhelfer.de\/wp-content\/uploads\/2020\/02\/TS-2019-Umzug-1.jpg 349w, http:\/\/dierotenhelfer.de\/wp-content\/uploads\/2020\/02\/TS-2019-Umzug-1-300x168.jpg 300w\" sizes=\"(max-width: 266px) 100vw, 266px\" \/><\/strong><\/p>\n<p>Bei uns beginnt der Tag f\u00fcr pflegende Angeh\u00f6rige und Pflegebed\u00fcrftige schon sehr entspannt. Unser Fahrdienst holt unsere G\u00e4ste der Tagesst\u00e4tte Zuhause ab und bringt sie zusammen mit anderen G\u00e4sten in einem unserer Minibussen zur Tagesst\u00e4tte in Wasseralfingen. Hier sind wir im Erdgeschoss,\u00a0 Barrierefrei f\u00fcr Fu\u00dfg\u00e4nger, Rollator oder auch im Rollstuhl in unsere Tagesst\u00e4tte zu kommen.<\/p>\n<p>Dann beginnt der Tag zuerst mit einer liebevollen Begr\u00fc\u00dfung und um 9 Uhr gibt es Fr\u00fchst\u00fcck. Hierbei werden auch auf Allergien oder Nahrungsmittelunvertr\u00e4glichkeiten geachtet und selbst verst\u00e4ndlich werden auch wenn ben\u00f6tigt Medikamente ( diese sind mitzubringen )angereicht.<br \/>\nDas Fr\u00fchst\u00fcck wird genossen und es dient auch gleich der Kontaktaufnahme mit unseren anderen G\u00e4sten oder unserem Personal.<\/p>\n<p>Nach dem Fr\u00fchst\u00fcck wird jeden Tag Besch\u00e4ftigung angeboten, die individuell, abwechslungsreich gestaltet wird und die sich W\u00f6chentlich \u00e4ndert.\u00a0Von Bewegungs\u00fcbungen bis hin zu kreativen Besch\u00e4ftigung und von Ged\u00e4chtnistraining\u00a0bis hin zum mitmachen d\u00fcrfen unter Aufsicht beim Backen\u00a0ist bei uns alles m\u00f6glich.<\/p>\n<p>Wo zeichnen sich Die Roten Helfer besonders aus das wir nicht alle das gleichen machen bzw. machen m\u00fcssen. Sondern wir haben nat\u00fcrlich gruppen bis hin zu einzelnen Betreuung je nach Bed\u00fcrfnissen die sich\u00a0T\u00e4glich auch \u00e4ndern k\u00f6nnen. So wird nicht nur sichergestellt das niemand \u00fcberfordert wird und aber auch sichergestellt wird das niemand langweilig wird.<\/p>\n<p>Bis zum Mittagessen vergeht so die Zeit wie im Fluge. Unsere G\u00e4ste k\u00f6nnen wenn Sie dies m\u00f6chten ( und die F\u00e4higkeiten vorhanden sind ) auch bei der Zubereitung des Mittagessen helfen und dann wird gemeinsam der Tisch gedeckt und alle essen zusammen. Es wird t\u00e4glich frisch gekocht, so das es jeden Tag ein leckeres Mittagessen f\u00fcr unsere G\u00e4ste gibt.<br \/>\nNach der Mahlzeit ist etwas Zeit um sich auszuruhen, ein Schw\u00e4tzchen zu halten oder sich etwas hinzulegen um etwas zu schlafen.<\/p>\n<p>Am Mittag bieten wir dann wieder Besch\u00e4ftigungen an und sp\u00e4ter gibt es Kaffee (nach Wunsch auch Tee ) und Kuchen. So wird dann der Tag ausklingen gelassen und gegen 16 Uhr wird der Nachhauseweg angetreten, wieder mit unserem Fahrdienst, der dann alle unsere G\u00e4ste wieder Nachhause bringt.<\/p>\n","protected":false},"excerpt":{"rendered":"<p>\u00a0Wie l\u00e4uft ein Tag bei uns ab ? Bei uns beginnt der Tag f\u00fcr pflegende Angeh\u00f6rige und Pflegebed\u00fcrftige schon sehr entspannt. Unser Fahrdienst holt unsere G\u00e4ste der Tagesst\u00e4tte Zuhause ab und bringt sie zusammen mit anderen G\u00e4sten in einem unserer Minibussen zur Tagesst\u00e4tte in Wasseralfingen. Hier sind wir im Erdgeschoss,\u00a0 Barrierefrei f\u00fcr Fu\u00dfg\u00e4nger, Rollator oder &hellip; <a href=\"http:\/\/dierotenhelfer.de\/?page_id=113\" class=\"more-link\"><span class=\"screen-reader-text\">Tagespflege &#8211; Ein Tag<\/span> weiterlesen<\/a><\/p>\n","protected":false},"author":1,"featured_media":0,"parent":0,"menu_order":0,"comment_status":"closed","ping_status":"closed","template":"","meta":{"footnotes":""},"_links":{"self":[{"href":"http:\/\/dierotenhelfer.de\/index.php?rest_route=\/wp\/v2\/pages\/113"}],"collection":[{"href":"http:\/\/dierotenhelfer.de\/index.php?rest_route=\/wp\/v2\/pages"}],"about":[{"href":"http:\/\/dierotenhelfer.de\/index.php?rest_route=\/wp\/v2\/types\/page"}],"author":[{"embeddable":true,"href":"http:\/\/dierotenhelfer.de\/index.php?rest_route=\/wp\/v2\/users\/1"}],"replies":[{"embeddable":true,"href":"http:\/\/dierotenhelfer.de\/index.php?rest_route=%2Fwp%2Fv2%2Fcomments&post=113"}],"version-history":[{"count":21,"href":"http:\/\/dierotenhelfer.de\/index.php?rest_route=\/wp\/v2\/pages\/113\/revisions"}],"predecessor-version":[{"id":759,"href":"http:\/\/dierotenhelfer.de\/index.php?rest_route=\/wp\/v2\/pages\/113\/revisions\/759"}],"wp:attachment":[{"href":"http:\/\/dierotenhelfer.de\/index.php?rest_route=%2Fwp%2Fv2%2Fmedia&parent=113"}],"curies":[{"name":"wp","href":"https:\/\/api.w.org\/{rel}","templated":true}]}}