{"id":6,"date":"2018-01-20T17:06:46","date_gmt":"2018-01-20T17:06:46","guid":{"rendered":"http:\/\/dierotenhelfer.de\/?page_id=6"},"modified":"2026-05-05T09:28:22","modified_gmt":"2026-05-05T09:28:22","slug":"home","status":"publish","type":"page","link":"http:\/\/dierotenhelfer.de\/","title":{"rendered":"Die Roten Helfer &#8211; &#8222;Das Herz&#8220;"},"content":{"rendered":"<h4 style=\"text-align: center;\"><span style=\"color: #339966;\"><img decoding=\"async\" loading=\"lazy\" class=\"alignnone size-full wp-image-691\" src=\"http:\/\/dierotenhelfer.de\/wp-content\/uploads\/2020\/09\/2020.02.18-Herz-Leitung-Neu-10.jpg\" alt=\"\" width=\"1344\" height=\"1008\" srcset=\"http:\/\/dierotenhelfer.de\/wp-content\/uploads\/2020\/09\/2020.02.18-Herz-Leitung-Neu-10.jpg 1344w, http:\/\/dierotenhelfer.de\/wp-content\/uploads\/2020\/09\/2020.02.18-Herz-Leitung-Neu-10-300x225.jpg 300w, http:\/\/dierotenhelfer.de\/wp-content\/uploads\/2020\/09\/2020.02.18-Herz-Leitung-Neu-10-768x576.jpg 768w, http:\/\/dierotenhelfer.de\/wp-content\/uploads\/2020\/09\/2020.02.18-Herz-Leitung-Neu-10-1024x768.jpg 1024w\" sizes=\"(max-width: 1344px) 100vw, 1344px\" \/><\/span><\/h4>\n<p><strong>Im Herzen von Aalen &#8211; Wasseralfingen.<\/strong><br \/>\n&#8222;Die Roten Helfer&#8220; unser liebevoll gef\u00fchrter<br \/>\nAmbulanter Pflegedienst &amp; Tagespflege<\/p>\n<p><span style=\"color: #ff0000;\"><strong>Wir freuen uns Ihnen mitteilen zu k\u00f6nnen das wir derzeit Klienten wieder aufnehmen k\u00f6nnen.\u00a0<\/strong><\/span><\/p>\n<p><span style=\"color: #ff0000;\"><strong>Sie m\u00f6chten bei Ihren z.B. &#8230;<br \/>\n&#8211; Kompressionsstr\u00fcmpfen geholfen bekommen,<br \/>\n&#8211; Medikamenten Einnahme oder Herrichten,<br \/>\n&#8211; Unterst\u00fctzung bei der K\u00f6rperpflege<br \/>\n<span style=\"color: #ff0000;\">&#8211; Hilfe in der Hauswirtschaft.<\/span><br \/>\n<span style=\"color: #ff0000;\">&#8211; Nachweis \u00fcber Beratungbesuch\/e \u00a737.3.<\/span><\/strong><\/span><\/p>\n<p><strong><span style=\"color: #ff0000;\">Die Roten Helfer sind nicht nur im Herzen von Wasseralfingen sondern sind nur ein Anruf weit entfernt.\u00a0<\/span><\/strong><\/p>\n<p><strong>Neue Telefonzeiten &#8211; Pflegedienst &#8211; <\/strong><br \/>\n<strong>Stand 01.05.2026:<\/strong><br \/>\n<span style=\"color: #ff0000;\"><strong>Dann k\u00f6nnen Sie uns unter 07361 &#8211; 490 90 80\u00a0<\/strong><\/span><br \/>\n<strong>Montag bis Donnerstag von 8:00 &#8211; 12:00 Uhr<\/strong><\/p>\n<p><strong>Neue B\u00fcro\u00f6ffnungszeiten &#8211; Pflegedienst &#8211;<br \/>\nStand 01.05.2026:<\/strong><br \/>\n<strong>Montag bis Donnerstag von 8:00 &#8211; 13:00 Uhr<\/strong><\/p>\n<p><strong>Wir unterst\u00fctzen Sie nicht nur<\/strong> mit einer umfassenden und fachlich kompetenten Pflege \/ Beratung sondern auch bei der Umsetzung der Pflegeleistungen rund um incl. der Hauswirtschaft.<br \/>\nOder gerne auch bei der Entlastung der Angeh\u00f6rige in die Tagespflege.<\/p>\n<p><strong>Unser Team ist jederzeit gerne f\u00fcr Sie da.<br \/>\nFreuen Sie sich schon darauf!<\/strong><\/p>\n<h4><\/h4>\n","protected":false},"excerpt":{"rendered":"<p>Im Herzen von Aalen &#8211; Wasseralfingen. &#8222;Die Roten Helfer&#8220; unser liebevoll gef\u00fchrter Ambulanter Pflegedienst &amp; Tagespflege Wir freuen uns Ihnen mitteilen zu k\u00f6nnen das wir derzeit Klienten wieder aufnehmen k\u00f6nnen.\u00a0 Sie m\u00f6chten bei Ihren z.B. &#8230; &#8211; Kompressionsstr\u00fcmpfen geholfen bekommen, &#8211; Medikamenten Einnahme oder Herrichten, &#8211; Unterst\u00fctzung bei der K\u00f6rperpflege &#8211; Hilfe in der Hauswirtschaft. &hellip; <a href=\"http:\/\/dierotenhelfer.de\/\" class=\"more-link\"><span class=\"screen-reader-text\">Die Roten Helfer &#8211; &#8222;Das Herz&#8220;<\/span> weiterlesen<\/a><\/p>\n","protected":false},"author":1,"featured_media":0,"parent":0,"menu_order":0,"comment_status":"closed","ping_status":"closed","template":"","meta":{"footnotes":""},"_links":{"self":[{"href":"http:\/\/dierotenhelfer.de\/index.php?rest_route=\/wp\/v2\/pages\/6"}],"collection":[{"href":"http:\/\/dierotenhelfer.de\/index.php?rest_route=\/wp\/v2\/pages"}],"about":[{"href":"http:\/\/dierotenhelfer.de\/index.php?rest_route=\/wp\/v2\/types\/page"}],"author":[{"embeddable":true,"href":"http:\/\/dierotenhelfer.de\/index.php?rest_route=\/wp\/v2\/users\/1"}],"replies":[{"embeddable":true,"href":"http:\/\/dierotenhelfer.de\/index.php?rest_route=%2Fwp%2Fv2%2Fcomments&post=6"}],"version-history":[{"count":126,"href":"http:\/\/dierotenhelfer.de\/index.php?rest_route=\/wp\/v2\/pages\/6\/revisions"}],"predecessor-version":[{"id":871,"href":"http:\/\/dierotenhelfer.de\/index.php?rest_route=\/wp\/v2\/pages\/6\/revisions\/871"}],"wp:attachment":[{"href":"http:\/\/dierotenhelfer.de\/index.php?rest_route=%2Fwp%2Fv2%2Fmedia&parent=6"}],"curies":[{"name":"wp","href":"https:\/\/api.w.org\/{rel}","templated":true}]}}