{"id":69,"date":"2018-01-22T08:55:17","date_gmt":"2018-01-22T08:55:17","guid":{"rendered":"http:\/\/dierotenhelfer.de\/?page_id=69"},"modified":"2018-03-03T18:07:11","modified_gmt":"2018-03-03T18:07:11","slug":"leistungen","status":"publish","type":"page","link":"http:\/\/dierotenhelfer.de\/?page_id=69","title":{"rendered":"Pflegedienst &#8211; Leistungen"},"content":{"rendered":"<p><strong>Hilfe und Pflegeleistungen<\/strong><img decoding=\"async\" loading=\"lazy\" class=\"wp-image-147 alignright\" src=\"http:\/\/dierotenhelfer.de\/wp-content\/uploads\/2018\/01\/Die-Roten-Helfer-1-300x200.jpg\" alt=\"\" width=\"270\" height=\"180\" srcset=\"http:\/\/dierotenhelfer.de\/wp-content\/uploads\/2018\/01\/Die-Roten-Helfer-1-300x200.jpg 300w, http:\/\/dierotenhelfer.de\/wp-content\/uploads\/2018\/01\/Die-Roten-Helfer-1-768x512.jpg 768w, http:\/\/dierotenhelfer.de\/wp-content\/uploads\/2018\/01\/Die-Roten-Helfer-1-1024x683.jpg 1024w\" sizes=\"(max-width: 270px) 100vw, 270px\" \/><\/p>\n<p><strong>Leistungsbeschreibungen<br \/>\n<\/strong><strong>K\u00f6rperpflege<\/strong><\/p>\n<p>Ma\u00dfnahmen im Bereich der K\u00f6rperpflege geh\u00f6ren zum Leistungskatalog der Pflegekassen und werden bei bestehendem Pflegegrad bis zum jeweiligen H\u00f6chstsatz mit der Pflegekasse abgerechnet.<\/p>\n<p><strong>Zur K\u00f6rperpflege geh\u00f6ren u.a.<\/strong><\/p>\n<ul>\n<li>Baden \/ Duschen<\/li>\n<li>Hilfe beim Waschen<\/li>\n<li>Zahnpflege<\/li>\n<li>Rasur<\/li>\n<li>Hilfe beim Toilettengang<\/li>\n<li>Inkontinenzversorgung<\/li>\n<li>Unterst\u00fctzung bei der Nahrungsaufnahme<\/li>\n<\/ul>\n<p>Die Leistungen orientieren sich am pers\u00f6nlichen Bedarf, wobei die gr\u00f6\u00dftm\u00f6gliche Eigenst\u00e4ndigkeit des Patienten gewahrt wird.<br \/>\nJe nach Einzelfall betreuen wir Sie von einmal w\u00f6chentlich bis mehrmals t\u00e4glich.<\/p>\n<p><strong>Behandlungspflege:<\/strong><u> <\/u><\/p>\n<p>Behandlungspflegerische Ma\u00dfnahmen geh\u00f6ren zum Leistungskatalog mit etwa 180 Punkten der gesetzlichen Krankenkassen und werden bei uns ausschlie\u00dflich von geschultem Fachpersonal durchgef\u00fchrt.<\/p>\n<p><strong>Behandlungspflege\u00a0diese bekommen Sie von Ihrem Arzt.\u00a0Dort leisten wir eine sehr liebevolle Pflege, Unterst\u00fctzung im Haushalt und\/oder eine medizinische Behandlungspflege. <\/strong><strong>Diese Leistungen\u00a0beinhaltet medizinische-pflegerische Ma\u00dfnahmen, wie z.B.:<\/strong><\/p>\n<ul>\n<li>Insulingabe \/ Injektionen (\u00dcberwachung)<\/li>\n<li>Medikamentengabe (\u00dcberwachung)<\/li>\n<li>Herrichten der Medikamente (\u00dcberwachung)<\/li>\n<li>Verbandwechsel<\/li>\n<li>Wundversorgung<\/li>\n<li>Intensivbetreuung bei Kindern und Erwachsenen<\/li>\n<\/ul>\n<p>Die Leistungen m\u00fcssen vom behandelnden Arzt verordnet werden (SGB V) und vom Pflegedienst der Krankenkasse zur Genehmigung vorgelegt werden.<\/p>\n<p><strong>Hauswirtschaft:<\/strong><u> <\/u><\/p>\n<ol>\n<li><strong>Hauswirtschaftliche Versorgung nach (SGB XI).\u00a0<\/strong><br \/>\nDie hauswirtschaftliche Versorgung umfasst alle Arbeiten, die im Rahmen der Haushaltsf\u00fchrung anfallen, wie z.B. aufr\u00e4umen und reinigen der Wohnung, Essenszubereitung, W\u00e4schepflege, Einkauf usw.. Bei bestehender Pflegestufe kann die hauswirtschaftliche Versorgung mit der Pflegekasse bis zum jeweiligen H\u00f6chstsatz abgerechnet werden.<\/li>\n<li><strong>Hauswirtschaftliche Hilfeleistungen nach (SGB V).<\/strong><br \/>\nK\u00f6nnen auch vom behandelnden Arzt verordnet werden und vom Pflegedienst der Krankenkasse zur Genehmigung vorgelegt werden.<br \/>\nHauswirtschaftsnahe Hilfsleistungen nach SGB V k\u00f6nnen in Anspruch genommen werden, wenn z.B. bei Familien mit Kindern die Mutter erkrankt oder eine alleinlebende Person aufgrund z.B. eines Armbruchs nicht in der Lage ist, sich selbst zu versorgen.<br \/>\nDie Leistung wird vom Arzt verordnet und kann bei entsprechender Kostenzusage mit den meisten Krankenkassen f\u00fcr maximal vier Wochen abgerechnet werden.<\/li>\n<\/ol>\n<p><strong>Verhinderungspflege:<\/strong><\/p>\n<p>Verhinderungspflege dient der Entlastung der Angeh\u00f6rigen und soll der Pflegeperson private Erledigungen, Urlaub usw. erm\u00f6glichen.<\/p>\n<p><strong>Voraussetzung:<\/strong><\/p>\n<p>Sie haben eine Pflegestufe oder Sie wurde beantragt.<br \/>\nMit der Pflegestufe haben Sie Anrecht auf Verhinderungspflege wenn die zu pflegende Person mindestens 6 Monate durch Angeh\u00f6rige oder ein Pflegedienst bereits gepflegt worden ist.<\/p>\n<p><strong>Verhinderungspflege bei Urlaub\/Krankheit der Pflegeerson:<\/strong><\/p>\n<p>Verhinderungspflege kann f\u00fcr maximal 42 Kalendertage im Jahr beansprucht werden. Die Ersatzpflege muss nicht komplett am St\u00fcck genommen werden, sondern kann entsprechend des individuellen Bedarfs in Anspruch genommen werden.\u00a0 Die Verhinderungspflege muss nicht zwingend in der h\u00e4uslichen Umgebung erfolgen.<br \/>\nEine sichere Umgebung bietet auch z.B. ein Hotel u.d.g. mehr.<\/p>\n<p><strong>Stundenweise Verhinderungspflege:<\/strong><\/p>\n<p>Die Verhinderungspflege kann auch stundenweise in Anspruch genommen werden. Dadurch wird der Alltag f\u00fcr die Pflegeperson deutlich vereinfacht, weil bei privaten Terminen der Pflegedienst einspringt. In diesem Fall bleiben Pflegegeld und Pflegesachleistung erhalten und die Begrenzung auf 42 Tage gilt nicht.<\/p>\n<p><strong>Kosten\u00fcbernahme von der Pflegekasse:<\/strong><\/p>\n<p>Die Pflegekasse \u00fcbernimmt die Kosten f\u00fcr diese Leistung bis zu 1612,- Euro j\u00e4hrlich, wenn die Verhinderungspflege durch einen zugelassenen Pflegedienst erfolgt und als stundenweise Verhinderungspflege abgerechnet wird. Ihre Pflegekasse sollte \u00fcber die Inanspruchnahme informiert werden, damit ein reibungsloser Ablauf gew\u00e4hrleistet werden kann.<\/p>\n","protected":false},"excerpt":{"rendered":"<p>Hilfe und Pflegeleistungen Leistungsbeschreibungen K\u00f6rperpflege Ma\u00dfnahmen im Bereich der K\u00f6rperpflege geh\u00f6ren zum Leistungskatalog der Pflegekassen und werden bei bestehendem Pflegegrad bis zum jeweiligen H\u00f6chstsatz mit der Pflegekasse abgerechnet. Zur K\u00f6rperpflege geh\u00f6ren u.a. Baden \/ Duschen Hilfe beim Waschen Zahnpflege Rasur Hilfe beim Toilettengang Inkontinenzversorgung Unterst\u00fctzung bei der Nahrungsaufnahme Die Leistungen orientieren sich am pers\u00f6nlichen Bedarf, &hellip; <a href=\"http:\/\/dierotenhelfer.de\/?page_id=69\" class=\"more-link\"><span class=\"screen-reader-text\">Pflegedienst &#8211; Leistungen<\/span> weiterlesen<\/a><\/p>\n","protected":false},"author":1,"featured_media":0,"parent":0,"menu_order":0,"comment_status":"closed","ping_status":"closed","template":"","meta":{"footnotes":""},"_links":{"self":[{"href":"http:\/\/dierotenhelfer.de\/index.php?rest_route=\/wp\/v2\/pages\/69"}],"collection":[{"href":"http:\/\/dierotenhelfer.de\/index.php?rest_route=\/wp\/v2\/pages"}],"about":[{"href":"http:\/\/dierotenhelfer.de\/index.php?rest_route=\/wp\/v2\/types\/page"}],"author":[{"embeddable":true,"href":"http:\/\/dierotenhelfer.de\/index.php?rest_route=\/wp\/v2\/users\/1"}],"replies":[{"embeddable":true,"href":"http:\/\/dierotenhelfer.de\/index.php?rest_route=%2Fwp%2Fv2%2Fcomments&post=69"}],"version-history":[{"count":20,"href":"http:\/\/dierotenhelfer.de\/index.php?rest_route=\/wp\/v2\/pages\/69\/revisions"}],"predecessor-version":[{"id":316,"href":"http:\/\/dierotenhelfer.de\/index.php?rest_route=\/wp\/v2\/pages\/69\/revisions\/316"}],"wp:attachment":[{"href":"http:\/\/dierotenhelfer.de\/index.php?rest_route=%2Fwp%2Fv2%2Fmedia&parent=69"}],"curies":[{"name":"wp","href":"https:\/\/api.w.org\/{rel}","templated":true}]}}