{"id":75,"date":"2018-01-22T09:11:22","date_gmt":"2018-01-22T09:11:22","guid":{"rendered":"http:\/\/dierotenhelfer.de\/?page_id=75"},"modified":"2018-01-25T09:48:30","modified_gmt":"2018-01-25T09:48:30","slug":"aufgaben","status":"publish","type":"page","link":"http:\/\/dierotenhelfer.de\/?page_id=75","title":{"rendered":"Pflegedienst &#8211; Aufgaben"},"content":{"rendered":"<p><u><strong><img decoding=\"async\" loading=\"lazy\" class=\"alignright wp-image-147\" src=\"http:\/\/dierotenhelfer.de\/wp-content\/uploads\/2018\/01\/Die-Roten-Helfer-1-300x200.jpg\" alt=\"\" width=\"270\" height=\"180\" srcset=\"http:\/\/dierotenhelfer.de\/wp-content\/uploads\/2018\/01\/Die-Roten-Helfer-1-300x200.jpg 300w, http:\/\/dierotenhelfer.de\/wp-content\/uploads\/2018\/01\/Die-Roten-Helfer-1-768x512.jpg 768w, http:\/\/dierotenhelfer.de\/wp-content\/uploads\/2018\/01\/Die-Roten-Helfer-1-1024x683.jpg 1024w\" sizes=\"(max-width: 270px) 100vw, 270px\" \/><\/strong><\/u><strong>Unsere Ziele sind Kundenzufriedenheit und professionelle Pflege.<\/strong><u><br \/>\n<\/u><\/p>\n<p>Wir pflegen Sie individuell an Ihre Bed\u00fcrfnisse angepasst.<\/p>\n<p><strong>Unsere Pflegekr\u00e4fte sind staatlich examiniert<\/strong> oder qualifizierte Fachkr\u00e4fte und garantieren Ihnen<br \/>\nLeistungssicherheit, Zuverl\u00e4ssigkeit<br \/>\nund einen hohen Qualit\u00e4tsstandard.<\/p>\n<p><strong>Unser pflegerisches Angebot umfasst u.a.: <\/strong><\/p>\n<ul>\n<li>T\u00e4gliche K\u00f6rperpflege<\/li>\n<li>Medizinische Versorgung nach \u00e4rztlicher Verordnung<\/li>\n<li>Verhinderungspflege, auch stundenweise<\/li>\n<li>Hauswirtschaftliche Versorgung<\/li>\n<\/ul>\n<p>Selbstverst\u00e4ndlich sind wir auch an Wochenenden und Feiertagen f\u00fcr Sie da. Eine Rufbereitschaft f\u00fcr Notf\u00e4lle steht Ihnen 24 Stunden zur Verf\u00fcgung.<\/p>\n<p><strong> So viel Hilfe wie n\u00f6tig \u2013 so viel Eigenst\u00e4ndigkeit wie m\u00f6glich.<\/strong><\/p>\n<p><strong>Betreuen:<\/strong><u><br \/>\n<\/u><\/p>\n<ul>\n<li>Wir betreuen Sie individuell bei Ihren t\u00e4glichen Aktivit\u00e4ten<\/li>\n<li>Unterst\u00fctzung bei der Haushaltsf\u00fchrung<\/li>\n<li>Erledigung der Eink\u00e4ufe<\/li>\n<li>Begleitung z.B. bei Arztbesuchen<\/li>\n<li>Begleitung bei Spazierg\u00e4ngen, kulturellen Anl\u00e4ssen<\/li>\n<li>Freizeitgestaltung (Vorlesen, Unterhaltung, Gesellschaftsspiele \u2026)<\/li>\n<li>Betreuung \u00fcber mehrere Stunden u.v.m<\/li>\n<\/ul>\n<p>\u2026 denn Leben im Alter findet nicht nur zu Hause statt.<\/p>\n<p>Betreuung von Demenzkranken<br \/>\nAlltagsbegleitung<br \/>\nHauswirtschaftliche Versorgung<\/p>\n<p><strong>Beraten:<\/strong><u><br \/>\n<\/u>Wir beraten Sie in allen Pflegesituationen und finden f\u00fcr jedes Ihrer Pflegeprobleme eine individuelle L\u00f6sung:<\/p>\n<ul>\n<li>Individuelle Pflegeberatung nach \u00a7 45 SGB XI<br \/>\n(Die Kosten hierf\u00fcr werden von einigen<br \/>\nKrankenkassen \u00fcbernommen)<\/li>\n<li>Pflegegutachten nach \u00a7 37 SGB XI<\/li>\n<li>Kurse f\u00fcr pflegende Angeh\u00f6rige<\/li>\n<\/ul>\n<p>\u201dPflegende Angeh\u00f6rige wollen gut beraten sein\u201c<\/p>\n<p><strong>Kosten-\/ \u00dcbernahme: <\/strong><\/p>\n<p>Die Kosten f\u00fcr vom Arzt verordnete medizinisch-pflegerische Leistungen werden in der Regel nach entsprechender Genehmigung von der Krankenkasse \u00fcbernommen.<\/p>\n<p>Ma\u00dfnahmen aus dem Bereich der K\u00f6rperpflege geh\u00f6ren zum Leistungskatalog der Pflegekassen und werden bis zum H\u00f6chstbetrag der jeweiligen Pflegestufe \u00fcbernommen.<\/p>\n","protected":false},"excerpt":{"rendered":"<p>Unsere Ziele sind Kundenzufriedenheit und professionelle Pflege. Wir pflegen Sie individuell an Ihre Bed\u00fcrfnisse angepasst. Unsere Pflegekr\u00e4fte sind staatlich examiniert oder qualifizierte Fachkr\u00e4fte und garantieren Ihnen Leistungssicherheit, Zuverl\u00e4ssigkeit und einen hohen Qualit\u00e4tsstandard. Unser pflegerisches Angebot umfasst u.a.: T\u00e4gliche K\u00f6rperpflege Medizinische Versorgung nach \u00e4rztlicher Verordnung Verhinderungspflege, auch stundenweise Hauswirtschaftliche Versorgung Selbstverst\u00e4ndlich sind wir auch an Wochenenden &hellip; <a href=\"http:\/\/dierotenhelfer.de\/?page_id=75\" class=\"more-link\"><span class=\"screen-reader-text\">Pflegedienst &#8211; Aufgaben<\/span> weiterlesen<\/a><\/p>\n","protected":false},"author":1,"featured_media":0,"parent":0,"menu_order":0,"comment_status":"closed","ping_status":"closed","template":"","meta":{"footnotes":""},"_links":{"self":[{"href":"http:\/\/dierotenhelfer.de\/index.php?rest_route=\/wp\/v2\/pages\/75"}],"collection":[{"href":"http:\/\/dierotenhelfer.de\/index.php?rest_route=\/wp\/v2\/pages"}],"about":[{"href":"http:\/\/dierotenhelfer.de\/index.php?rest_route=\/wp\/v2\/types\/page"}],"author":[{"embeddable":true,"href":"http:\/\/dierotenhelfer.de\/index.php?rest_route=\/wp\/v2\/users\/1"}],"replies":[{"embeddable":true,"href":"http:\/\/dierotenhelfer.de\/index.php?rest_route=%2Fwp%2Fv2%2Fcomments&post=75"}],"version-history":[{"count":12,"href":"http:\/\/dierotenhelfer.de\/index.php?rest_route=\/wp\/v2\/pages\/75\/revisions"}],"predecessor-version":[{"id":301,"href":"http:\/\/dierotenhelfer.de\/index.php?rest_route=\/wp\/v2\/pages\/75\/revisions\/301"}],"wp:attachment":[{"href":"http:\/\/dierotenhelfer.de\/index.php?rest_route=%2Fwp%2Fv2%2Fmedia&parent=75"}],"curies":[{"name":"wp","href":"https:\/\/api.w.org\/{rel}","templated":true}]}}